{"id":23,"date":"2014-01-25T12:36:17","date_gmt":"2014-01-25T10:36:17","guid":{"rendered":"http:\/\/therapiezentrum.fotosdieverzaubern.de\/?page_id=23"},"modified":"2023-07-06T11:05:35","modified_gmt":"2023-07-06T09:05:35","slug":"therapiezentrum","status":"publish","type":"page","link":"https:\/\/therapiezentrum-oberland.de\/","title":{"rendered":"Therapiezentrum"},"content":{"rendered":"<p><strong><span style=\"font-size: 16px;\"><span style=\"color: #800000;\"><em>Herzlich willkommen im Therapiezentrum Oberland.<\/em><\/span><\/span><\/strong><\/p>\n<p><span style=\"display: none;\">\u00a0<\/span><span style=\"color: #696969;\"><span style=\"font-size: 12px;\"><span style=\"font-family: verdana,geneva,sans-serif;\"><span style=\"line-height: 1.6em;\">Wir sind ein junges privates Unternehmen, welches seit 2001 besteht.<\/span><\/span><\/span><\/span><\/p>\n<p><span style=\"color: #696969;\"><span style=\"font-size: 12px;\"><span style=\"font-family: verdana,geneva,sans-serif;\">Unser Anliegen ist es, Therapie, Sport, Wellness in einem angenehmen<br \/>\nAmbiente anzubieten, das zum Verweilen einl\u00e4dt.<\/span><\/span><\/span><\/p>\n<p>Im Jahr 2016 wurde das Haupthaus durch einen Anbau erweitert.<\/p>\n<p><span style=\"color: #696969;\"><span style=\"font-size: 12px;\"><span style=\"font-family: verdana,geneva,sans-serif;\">Wir haben uns ein ganzheitliches Behandlungskonzept zum Ziel gesetzt.<br \/>\nDabei ist uns die Zusammenarbeit mit kompetenten Partnern unter einem<br \/>\nDach wichtig.<\/span><\/span><\/span><\/p>\n<p><span style=\"color: #696969;\"><span style=\"font-size: 12px;\"><span style=\"font-family: verdana,geneva,sans-serif;\"><span style=\"line-height: 19.201919555664063px;\">Unser qua\u00adli\u00adfi\u00adzier\u00adtes Team besteht aus\u00a0Phy\u00adsio-\u00a0und Ergo\u00adthe\u00adra\u00adpeu\u00adten, sowie\u00a0Rezep\u00adti\u00adons\u00adfach\u00adkr\u00e4f\u00adten.<br \/>\nEine Logo\u00adp\u00e4\u00addie erwei\u00adtert\u00a0unser Ange\u00adbot f\u00fcr\u00a0Sie.<\/span><\/span><\/span><\/span><\/p>\n<p><span style=\"color: #696969;\"><span style=\"font-size: 12px;\"><span style=\"font-family: verdana,geneva,sans-serif;\">Wer funktionelles Krafttraining\u00a0mittels medizinischer Trainingsger\u00e4te<br \/>\ndurchf\u00fchren m\u00f6chte, findet bei uns die Alternative zum herk\u00f6mmlichen<br \/>\nFitnessstudio.<\/span><\/span><\/span><span style=\"display: none;\">\u00a0<\/span><\/p>\n<p><span style=\"font-size: 14px;\"><span style=\"color: #800000;\"><em><strong>Wenn auch Sie etwas f\u00fcr Ihre Gesundheit und Wohlbefinden<br \/>\ntun wollen, <\/strong><\/em><em><strong>sind Sie bei uns im Therapiezentrum Oberland richtig!<\/strong><\/em><\/span><\/span><\/p>\n<p><a href=\"http:\/\/therapiezentrum-oberland.de\/wp-content\/uploads\/2023\/07\/Therapiezentrum3NEU.jpg\"><img decoding=\"async\" loading=\"lazy\" class=\"alignnone wp-image-1086 size-full\" src=\"http:\/\/therapiezentrum-oberland.de\/wp-content\/uploads\/2023\/07\/Therapiezentrum3NEU.jpg\" alt=\"\" width=\"550\" height=\"452\" srcset=\"https:\/\/therapiezentrum-oberland.de\/wp-content\/uploads\/2023\/07\/Therapiezentrum3NEU.jpg 550w, https:\/\/therapiezentrum-oberland.de\/wp-content\/uploads\/2023\/07\/Therapiezentrum3NEU-300x247.jpg 300w\" sizes=\"(max-width: 550px) 100vw, 550px\" \/><\/a><\/p>\n","protected":false},"excerpt":{"rendered":"<p>Herzlich willkommen im Therapiezentrum Oberland. \u00a0Wir sind ein junges privates Unternehmen, welches seit 2001 besteht. Unser Anliegen ist es, Therapie, Sport, Wellness in einem angenehmen Ambiente anzubieten, das zum Verweilen einl\u00e4dt. Im Jahr 2016 wurde das Haupthaus durch einen Anbau erweitert. Wir haben uns ein<\/p>\n","protected":false},"author":1,"featured_media":0,"parent":0,"menu_order":1,"comment_status":"closed","ping_status":"closed","template":"","meta":[],"_links":{"self":[{"href":"https:\/\/therapiezentrum-oberland.de\/index.php?rest_route=\/wp\/v2\/pages\/23"}],"collection":[{"href":"https:\/\/therapiezentrum-oberland.de\/index.php?rest_route=\/wp\/v2\/pages"}],"about":[{"href":"https:\/\/therapiezentrum-oberland.de\/index.php?rest_route=\/wp\/v2\/types\/page"}],"author":[{"embeddable":true,"href":"https:\/\/therapiezentrum-oberland.de\/index.php?rest_route=\/wp\/v2\/users\/1"}],"replies":[{"embeddable":true,"href":"https:\/\/therapiezentrum-oberland.de\/index.php?rest_route=%2Fwp%2Fv2%2Fcomments&post=23"}],"version-history":[{"count":30,"href":"https:\/\/therapiezentrum-oberland.de\/index.php?rest_route=\/wp\/v2\/pages\/23\/revisions"}],"predecessor-version":[{"id":1088,"href":"https:\/\/therapiezentrum-oberland.de\/index.php?rest_route=\/wp\/v2\/pages\/23\/revisions\/1088"}],"wp:attachment":[{"href":"https:\/\/therapiezentrum-oberland.de\/index.php?rest_route=%2Fwp%2Fv2%2Fmedia&parent=23"}],"curies":[{"name":"wp","href":"https:\/\/api.w.org\/{rel}","templated":true}]}}