{"id":217,"date":"2014-03-14T09:01:10","date_gmt":"2014-03-14T07:01:10","guid":{"rendered":"http:\/\/therapiezentrum.fotosdieverzaubern.de\/?page_id=217"},"modified":"2023-07-06T11:17:30","modified_gmt":"2023-07-06T09:17:30","slug":"kirstin-klar","status":"publish","type":"page","link":"https:\/\/therapiezentrum-oberland.de\/?page_id=217","title":{"rendered":"Kirstin Klar &#8211; Physiotherapeutin, Osteopathin und Heilpraktikerin"},"content":{"rendered":"<p><a href=\"http:\/\/therapiezentrum-oberland.de\/wp-content\/uploads\/2023\/07\/Kirstin_Klar2023.jpg\"><img decoding=\"async\" loading=\"lazy\" class=\"alignnone wp-image-1097 size-full\" src=\"http:\/\/therapiezentrum-oberland.de\/wp-content\/uploads\/2023\/07\/Kirstin_Klar2023.jpg\" alt=\"\" width=\"550\" height=\"176\" srcset=\"https:\/\/therapiezentrum-oberland.de\/wp-content\/uploads\/2023\/07\/Kirstin_Klar2023.jpg 550w, https:\/\/therapiezentrum-oberland.de\/wp-content\/uploads\/2023\/07\/Kirstin_Klar2023-300x96.jpg 300w\" sizes=\"(max-width: 550px) 100vw, 550px\" \/><\/a><\/p>\n<p><span style=\"color: #696969;\"><span style=\"font-size: 12px;\"><span style=\"font-family: verdana,geneva,sans-serif;\"><span style=\"line-height: 1.6em;\">W\u00e4hrend meiner Arbeit als Physiotherapeutin stellte sich mir immer \u00f6fter die Frage nach Ursachen von rezidivierenden Muskel-und Gelenkbeschwerden. Ich wollte mehr \u00fcber die anatomischen Zusammenh\u00e4nge erfahren und suchte daher nach einer umfassenden Weiterbildung. Fasziniert von dem Gebiet der Osteopathie begann ich 2004 eine Ausbildung am Institut f\u00fcr angewandte Osteopathie ( IFAO). 2009 erfolgte der Abschluss des Osteopathiestudiums nach 5j\u00e4hriger Ausbildung.<\/span><\/span><\/span><\/span><\/p>\n<p><span style=\"color: #696969;\"><span style=\"font-size: 12px;\"><span style=\"font-family: verdana,geneva,sans-serif;\">Eine der wesentlichen Grundlagen der Osteopathie ist die Erhaltung der Bewegung und Beweglichkeit der Gewebe im gesamten Organismus. Nach ausf\u00fchrlicher Anamnese erfolgen Diagnose und Therapie ausschlie\u00dflich mit den H\u00e4nden. Man sp\u00fcrt Spannungsmuster und Beweglichkeitseinschr\u00e4nkungen auf, behandelt diese mit speziellen Techniken und hilft somit dem K\u00f6rper, die Selbstheilungskr\u00e4fte zu aktivieren.<\/span><\/span><\/span><\/p>\n<p><span style=\"color: #696969;\"><span style=\"font-size: 12px;\"><span style=\"font-family: verdana,geneva,sans-serif;\">Die Osteopathie bietet eine Alternative zur klassischen Physiotherapie, ist aber im Leistungskatalog der gesetzlichen Krankenkassen nicht enthalten. Einige Krankenversicherungen \u00fcbernehmen die Behandlungskosten teilweise. Bei Interesse sprechen Sie mich bitte an.<\/span><\/span><\/span><\/p>\n<p><span style=\"color: #696969;\"><span style=\"font-size: 12px;\"><span style=\"font-family: verdana,geneva,sans-serif;\">Die Freude an der Arbeit mit Kindern weckte bei mir das Interesse an einer spezifischen Ausbildung zur Behandlung von S\u00e4uglingen und Kleinkindern. So absolvierte ich\u00a02007 meinen Abschluss als VOJTA-Therpeutin f\u00fcr S\u00e4uglinge, Kinder und Jugendliche, wobei der Gro\u00dfteil der umfangreichen Weiterbildung die praktische Arbeit mit Kindern in der Kinderklinik Frankfurt\/ H\u00f6chst beinhaltete.<\/span><\/span><\/span><\/p>\n<p><span style=\"color: #696969;\"><span style=\"font-size: 12px;\"><span style=\"font-family: verdana,geneva,sans-serif;\">Heute sehe ich meinen Behandlungsschwerpunkt, neben Wirbels\u00e4ulen- und Gelenkerkrankungen, in der S\u00e4uglings- und Kleinkindbehandlung. Erfolgbringend ist hier vor allem die Kombination aus osteopathischen sowie manualtherapeutischen Techniken und neurophysiologischer Bewegungsbahnung.<\/span><\/span><\/span><\/p>\n<p><a href=\"http:\/\/therapiezentrum-oberland.de\/wp-content\/uploads\/2023\/07\/Kirstin_Klar_2023.jpg\"><img decoding=\"async\" loading=\"lazy\" class=\"alignnone wp-image-1096 size-full\" src=\"http:\/\/therapiezentrum-oberland.de\/wp-content\/uploads\/2023\/07\/Kirstin_Klar_2023.jpg\" alt=\"\" width=\"550\" height=\"203\" srcset=\"https:\/\/therapiezentrum-oberland.de\/wp-content\/uploads\/2023\/07\/Kirstin_Klar_2023.jpg 550w, https:\/\/therapiezentrum-oberland.de\/wp-content\/uploads\/2023\/07\/Kirstin_Klar_2023-300x111.jpg 300w\" sizes=\"(max-width: 550px) 100vw, 550px\" \/><\/a><\/p>\n<div>\n<div style=\"font-size: 13px;\"><\/div>\n<div style=\"font-size: 13px;\">\n<table style=\"border: none; margin: 0px; padding: 0px; width: 560px; color: #e5e6a5; font-family: 'Lucida Grande', Verdana, Arial, sans-serif; line-height: 18.479999542236328px; background-color: #dcceb4;\">\n<tbody>\n<tr>\n<td colspan=\"2\"><span style=\"font-size: 12px;\"><span style=\"color: #800000;\"><strong>Werdegang<\/strong><\/span><\/span><\/td>\n<\/tr>\n<tr>\n<td style=\"text-align: left; vertical-align: top;\"><span style=\"color: #800000; font-family: 'Lucida Grande', Verdana, Arial, sans-serif; line-height: 18.479999542236328px; background-color: #dcceb4;\">1990 &#8211; 1994<\/span><\/td>\n<td style=\"text-align: left; vertical-align: top;\"><span style=\"color: #800000; font-family: 'Lucida Grande', Verdana, Arial, sans-serif; line-height: 18.479999542236328px; background-color: #dcceb4;\">Abitur mit anschlie\u00dfender Ausbildung zur Physiotherapeutin<\/span><br \/>\n<span style=\"color: #800000;\">an der Staatlichen Lehranstalt f\u00fcr Krankengymnastik am<\/span><br \/>\n<span style=\"color: #800000;\">Klinikum der Phillipps-Universit\u00e4t Marburg mit Examen<\/span><\/td>\n<\/tr>\n<tr>\n<td style=\"text-align: left; vertical-align: top;\"><span style=\"font-size: 12px;\"><span style=\"color: #800000;\">1995<\/span><\/span><\/td>\n<td style=\"text-align: left; vertical-align: top;\"><span style=\"color: #800000;\">Staatliche Anerkennung als Physiotherapeutin<br \/>\nnach Berufspraktikum in der Rehaklinik Bavaria Kreischa<\/span><\/td>\n<\/tr>\n<tr>\n<td style=\"text-align: left; vertical-align: top;\"><span style=\"color: #800000;\">1996 &#8211; 1998<\/span><\/td>\n<td style=\"text-align: left; vertical-align: top;\"><span style=\"color: #800000;\">Ausbildung in Manueller Therapie nach dem Konzept<br \/>\nOMT Kaltenborn-Evjenth in Kreischa, bestandene<br \/>\nZertifikatspr\u00fcfung im Dezember 1998<\/span><\/td>\n<\/tr>\n<tr>\n<td style=\"text-align: left; vertical-align: top;\"><span style=\"color: #800000;\">1998<\/span><\/td>\n<td style=\"text-align: left; vertical-align: top;\"><span style=\"color: #800000;\">Selbstst\u00e4ndig in eigener Praxis f\u00fcr Physiotherapie<\/span><\/td>\n<\/tr>\n<\/tbody>\n<\/table>\n<table style=\"border: none; font-size: 13px; margin: 0px; padding: 0px; width: 560px; color: #e5e6a5; font-family: 'Lucida Grande', Verdana, Arial, sans-serif; line-height: 18.479999542236328px; background-color: #dcceb4;\">\n<tbody>\n<tr>\n<td><span style=\"font-size: 12px;\"><span style=\"color: #800000;\"><strong>Weitere Abschl\u00fcsse<\/strong><\/span><\/span><\/td>\n<td><\/td>\n<\/tr>\n<tr>\n<td style=\"vertical-align: top;\"><span style=\"color: #800000; font-family: 'Lucida Grande', Verdana, Arial, sans-serif; line-height: 18.479999542236328px; background-color: #dcceb4;\">1998<\/span><\/td>\n<td style=\"vertical-align: top;\"><span style=\"color: #800000; font-family: 'Lucida Grande', Verdana, Arial, sans-serif; line-height: 18.479999542236328px; background-color: #dcceb4;\">Medizinische Trainings- und Sportphysiotherapie<br \/>\n(Kreischa)<\/span><\/td>\n<\/tr>\n<tr>\n<td style=\"vertical-align: top;\"><span style=\"font-size: 12px;\"><span style=\"color: #800000;\">1999 &#8211; \u00a02000<\/span><\/span><\/td>\n<td style=\"vertical-align: top;\"><span style=\"color: #800000;\">Bobath f\u00fcr erwachsene Patienten mit Hemiplegie<br \/>\n(Dresden)<\/span><\/td>\n<\/tr>\n<tr>\n<td style=\"vertical-align: top;\"><span style=\"color: #800000;\">1999 &#8211; 2002<\/span><\/td>\n<td style=\"vertical-align: top;\"><span style=\"color: #800000;\">McKenzie Spinaltherapie A-D Kurse (Berlin)<\/span><\/td>\n<\/tr>\n<tr>\n<td style=\"vertical-align: top;\"><span style=\"color: #800000;\">1999 &#8211; 2000<\/span><\/td>\n<td style=\"vertical-align: top;\"><span style=\"color: #800000;\">Manuelle Triggerpunkt-Bindegewebsbehandlung (Berlin)<\/span><\/td>\n<\/tr>\n<tr>\n<td style=\"vertical-align: top;\"><span style=\"color: #800000;\">2001 &#8211; 2002<\/span><\/td>\n<td style=\"vertical-align: top;\"><span style=\"color: #800000;\">Einf\u00fchrungskurse Qi Gong und Thai Chi Chuan (Dresden)<\/span><\/td>\n<\/tr>\n<tr>\n<td style=\"vertical-align: top;\"><span style=\"color: #800000;\">2004<\/span><\/td>\n<td style=\"vertical-align: top;\"><span style=\"color: #800000;\">Babyschwimmen und Schwimmen mit Kleinkindern<\/span><\/td>\n<\/tr>\n<tr>\n<td style=\"vertical-align: top;\"><span style=\"color: #800000;\">2004 &#8211; 2009<\/span><\/td>\n<td style=\"vertical-align: top;\"><span style=\"color: #800000;\">Osteopathie Studium am Institut f\u00fcr angewandte<br \/>\nOsteopathie Leipzig<\/span><\/td>\n<\/tr>\n<tr>\n<td style=\"vertical-align: top;\"><span style=\"color: #800000;\">2007<\/span><\/td>\n<td style=\"vertical-align: top;\"><span style=\"color: #800000;\">Vojta-Therapie f\u00fcr Kinder (M\u00fcnchen\/Frankfurt\/M.)<\/span><\/td>\n<\/tr>\n<tr>\n<td style=\"vertical-align: top;\"><span style=\"color: #800000;\">2011<\/span><\/td>\n<td style=\"vertical-align: top;\"><span style=\"color: #800000;\">Heilpraktikererlaubnis auf dem Gebiet der Physiotherapie<\/span><\/td>\n<\/tr>\n<tr>\n<td style=\"vertical-align: top;\"><span style=\"color: #800000;\">2012<\/span><\/td>\n<td style=\"vertical-align: top;\"><span style=\"color: #800000;\">Untersuchung und Behandlung des S\u00e4uglings und Kleinkindes in der Osteopathie<\/span><\/td>\n<\/tr>\n<tr>\n<td style=\"vertical-align: top;\"><span style=\"color: #800000;\">2014<\/span><\/td>\n<td style=\"vertical-align: top;\"><span style=\"color: #800000;\">Aqua-Trainer B-Lizenz<\/span><\/td>\n<\/tr>\n<tr>\n<td style=\"vertical-align: top;\"><span style=\"color: #800000;\">2016<\/span><\/td>\n<td style=\"vertical-align: top;\"><span style=\"color: #800000;\">Heilpraktikererlaubnis<\/span><\/td>\n<\/tr>\n<\/tbody>\n<\/table>\n<p><a href=\"http:\/\/therapiezentrum.fotosdieverzaubern.de\/wp-content\/uploads\/2014\/03\/Verband_Osteopathen.jpg\"><img decoding=\"async\" loading=\"lazy\" class=\"alignnone size-full wp-image-450\" src=\"http:\/\/therapiezentrum.fotosdieverzaubern.de\/wp-content\/uploads\/2014\/03\/Verband_Osteopathen.jpg\" alt=\"Verband_Osteopathen\" width=\"550\" height=\"77\" srcset=\"https:\/\/therapiezentrum-oberland.de\/wp-content\/uploads\/2014\/03\/Verband_Osteopathen.jpg 550w, https:\/\/therapiezentrum-oberland.de\/wp-content\/uploads\/2014\/03\/Verband_Osteopathen-300x42.jpg 300w\" sizes=\"(max-width: 550px) 100vw, 550px\" \/><\/a><\/p>\n<p><a style=\"font-size: 13px;\" href=\"http:\/\/therapiezentrum.fotosdieverzaubern.de\/wp-content\/uploads\/2014\/03\/Kirstin_Klar3.jpg\"><img decoding=\"async\" loading=\"lazy\" class=\"alignnone size-full wp-image-440\" src=\"http:\/\/therapiezentrum.fotosdieverzaubern.de\/wp-content\/uploads\/2014\/03\/Kirstin_Klar3.jpg\" alt=\"Kirstin_Klar\" width=\"550\" height=\"203\" srcset=\"https:\/\/therapiezentrum-oberland.de\/wp-content\/uploads\/2014\/03\/Kirstin_Klar3.jpg 550w, https:\/\/therapiezentrum-oberland.de\/wp-content\/uploads\/2014\/03\/Kirstin_Klar3-300x110.jpg 300w\" sizes=\"(max-width: 550px) 100vw, 550px\" \/><\/a><\/p>\n<p><a href=\"http:\/\/therapiezentrum-oberland.de\/wp-content\/uploads\/2014\/03\/Kirstin_Kla_Sportraum.jpg\"><img decoding=\"async\" loading=\"lazy\" class=\"alignnone size-full wp-image-992\" src=\"http:\/\/therapiezentrum-oberland.de\/wp-content\/uploads\/2014\/03\/Kirstin_Kla_Sportraum.jpg\" alt=\"Kirstin_Kla_Sportraum\" width=\"550\" height=\"345\" srcset=\"https:\/\/therapiezentrum-oberland.de\/wp-content\/uploads\/2014\/03\/Kirstin_Kla_Sportraum.jpg 550w, https:\/\/therapiezentrum-oberland.de\/wp-content\/uploads\/2014\/03\/Kirstin_Kla_Sportraum-300x188.jpg 300w\" sizes=\"(max-width: 550px) 100vw, 550px\" \/><\/a><\/p>\n<\/div>\n<\/div>\n","protected":false},"excerpt":{"rendered":"<p>W\u00e4hrend meiner Arbeit als Physiotherapeutin stellte sich mir immer \u00f6fter die Frage nach Ursachen von rezidivierenden Muskel-und Gelenkbeschwerden. Ich wollte mehr \u00fcber die anatomischen Zusammenh\u00e4nge erfahren und suchte daher nach einer umfassenden Weiterbildung. Fasziniert von dem Gebiet der Osteopathie begann ich 2004 eine Ausbildung am<\/p>\n","protected":false},"author":1,"featured_media":0,"parent":31,"menu_order":0,"comment_status":"closed","ping_status":"closed","template":"","meta":[],"_links":{"self":[{"href":"https:\/\/therapiezentrum-oberland.de\/index.php?rest_route=\/wp\/v2\/pages\/217"}],"collection":[{"href":"https:\/\/therapiezentrum-oberland.de\/index.php?rest_route=\/wp\/v2\/pages"}],"about":[{"href":"https:\/\/therapiezentrum-oberland.de\/index.php?rest_route=\/wp\/v2\/types\/page"}],"author":[{"embeddable":true,"href":"https:\/\/therapiezentrum-oberland.de\/index.php?rest_route=\/wp\/v2\/users\/1"}],"replies":[{"embeddable":true,"href":"https:\/\/therapiezentrum-oberland.de\/index.php?rest_route=%2Fwp%2Fv2%2Fcomments&post=217"}],"version-history":[{"count":33,"href":"https:\/\/therapiezentrum-oberland.de\/index.php?rest_route=\/wp\/v2\/pages\/217\/revisions"}],"predecessor-version":[{"id":1098,"href":"https:\/\/therapiezentrum-oberland.de\/index.php?rest_route=\/wp\/v2\/pages\/217\/revisions\/1098"}],"up":[{"embeddable":true,"href":"https:\/\/therapiezentrum-oberland.de\/index.php?rest_route=\/wp\/v2\/pages\/31"}],"wp:attachment":[{"href":"https:\/\/therapiezentrum-oberland.de\/index.php?rest_route=%2Fwp%2Fv2%2Fmedia&parent=217"}],"curies":[{"name":"wp","href":"https:\/\/api.w.org\/{rel}","templated":true}]}}