{"id":19,"date":"2014-01-25T12:35:34","date_gmt":"2014-01-25T10:35:34","guid":{"rendered":"http:\/\/therapiezentrum.fotosdieverzaubern.de\/?page_id=19"},"modified":"2023-07-06T10:59:55","modified_gmt":"2023-07-06T08:59:55","slug":"osteopathie","status":"publish","type":"page","link":"https:\/\/therapiezentrum-oberland.de\/?page_id=19","title":{"rendered":"Osteopathie"},"content":{"rendered":"<p><span style=\"font-family: verdana,geneva,sans-serif;\"><span style=\"font-size: 12px;\"><span style=\"color: #696969;\"><strong><br \/>\nWir freuen uns seit 01.06.2023 mit Frau Anke Wernicke \u00fcber Teamverst\u00e4rkung im Bereich der Osteopathie.<br \/>\nWas ist Osteopathie?<\/strong><\/span><\/span><\/span><\/p>\n<p><span style=\"font-family: verdana,geneva,sans-serif;\"><span style=\"font-size: 12px;\"><span style=\"color: #696969;\">Die Osteopathie ist eine eigenst\u00e4ndige Form der Medizin.<br \/>\n<span style=\"line-height: 1.6em;\">Sie behandelt nicht nur einzelne Symptome, sondern versucht die Ursachen von<\/span><br \/>\n<span style=\"line-height: 1.6em;\">Beschwerden aufzusp\u00fcren und zu behandeln. Der Osteopath benutzt ausschlie\u00dflich<\/span><br \/>\n<span style=\"line-height: 1.6em;\">seine H\u00e4nde um Bewegungseinschr\u00e4nkungen zu erkennen und mit sanften<\/span><br \/>\n<span style=\"line-height: 1.6em;\">Techniken zu beheben.<\/span><\/span><\/span><\/span><\/p>\n<p style=\"line-height: 23.1111106872559px;\"><a href=\"http:\/\/therapiezentrum-oberland.de\/wp-content\/uploads\/2014\/01\/Osteopathie_C3.jpg\"><img decoding=\"async\" loading=\"lazy\" class=\"alignnone size-full wp-image-760\" src=\"http:\/\/therapiezentrum-oberland.de\/wp-content\/uploads\/2014\/01\/Osteopathie_C3.jpg\" alt=\"Osteopathie_C\" width=\"550\" height=\"320\" srcset=\"https:\/\/therapiezentrum-oberland.de\/wp-content\/uploads\/2014\/01\/Osteopathie_C3.jpg 550w, https:\/\/therapiezentrum-oberland.de\/wp-content\/uploads\/2014\/01\/Osteopathie_C3-300x174.jpg 300w\" sizes=\"(max-width: 550px) 100vw, 550px\" \/><\/a><br \/>\nUnser Osteopathen Team Kirstin Klar und <a href=\"http:\/\/www.osteopathie-esther-paul.de\/\" target=\"_blank\" rel=\"noopener\">Ester Paul<\/a><\/p>\n<p><span style=\"font-family: verdana,geneva,sans-serif;\"><span style=\"font-size: 12px;\"><span style=\"color: #696969;\"><strong>Wie wirkt Osteopathie?<\/strong><\/span><\/span><\/span><\/p>\n<p><span style=\"font-family: verdana,geneva,sans-serif;\"><span style=\"font-size: 12px;\"><span style=\"color: #696969;\">Unser Organismus besteht aus vielen Strukturen, die alle miteinander<br \/>\n<span style=\"line-height: 1.6em;\">zusammenh\u00e4ngen.Den Zusammenhang stellen die Faszien her, d\u00fcnne<\/span><br \/>\n<span style=\"line-height: 1.6em;\">Bindegewebsh\u00fcllen, die jede Struktur umgeben und gemeinsam eine gro\u00dfe<\/span><br \/>\n<span style=\"line-height: 1.6em;\">K\u00f6rperfaszie bilden.Faszien k\u00f6nnen Funktionsst\u00f6rungen \u00fcbertragen.<\/span><br \/>\n<span style=\"line-height: 1.6em;\">Dies erkl\u00e4rt,warum Ursachen an einer Stelle oft zu Beschwerden in anderen<\/span><br \/>\n<span style=\"line-height: 1.6em;\">K\u00f6rperregionen f\u00fchren. Darum behandelt die Osteopathie nie einzelne<\/span><br \/>\n<span style=\"line-height: 1.6em;\">Beschwerden, sondern immer den Patienten in seiner Gesamtheit.<\/span><\/span><\/span><\/span><\/p>\n<p><a href=\"http:\/\/therapiezentrum.fotosdieverzaubern.de\/wp-content\/uploads\/2014\/01\/Kirstin_Klar3.jpg\"><img decoding=\"async\" loading=\"lazy\" class=\"alignnone size-full wp-image-552\" src=\"http:\/\/therapiezentrum.fotosdieverzaubern.de\/wp-content\/uploads\/2014\/01\/Kirstin_Klar3.jpg\" alt=\"Osteopathie\" width=\"550\" height=\"203\" srcset=\"https:\/\/therapiezentrum-oberland.de\/wp-content\/uploads\/2014\/01\/Kirstin_Klar3.jpg 550w, https:\/\/therapiezentrum-oberland.de\/wp-content\/uploads\/2014\/01\/Kirstin_Klar3-300x110.jpg 300w\" sizes=\"(max-width: 550px) 100vw, 550px\" \/><\/a><\/p>\n<table style=\"font-size: 13px;\" border=\"0,5\">\n<tbody>\n<tr bgcolor=\"#660000\">\n<th>\n<p style=\"font-size: 13px; text-align: left;\"><span style=\"color: #ffffff;\"><strong>Wo kann Osteopathie u.a. wirken?<\/strong><\/span><\/p>\n<p style=\"font-size: 13px; text-align: left;\"><span style=\"color: #fff0f5; font-size: 13px; font-weight: bold; background-color: #660000;\">\u2022\u00a0<\/span><span style=\"color: #ffffff;\"><strong>im Bereich des Bewegungsapparates:\u00a0<\/strong>Gelenkprobleme, Hexenschuss,<\/span><\/p>\n<p style=\"font-size: 13px; text-align: left;\"><span style=\"color: #ffffff;\">\u00a0Ischialgie, Schleudertrauma, Verstauchung und anderen Verletzungen<\/span><\/p>\n<p style=\"font-size: 13px; text-align: left;\"><span style=\"color: #fff0f5; font-size: 13px; font-weight: bold; background-color: #660000;\">\u2022\u00a0<\/span><span style=\"color: #ffffff;\"><strong>im internistischen Bereich:\u00a0<\/strong>Verdauungsst\u00f6rungen, Sodbrennen, Organ-<\/span><\/p>\n<p style=\"font-size: 13px; text-align: left;\"><span style=\"color: #ffffff;\">\u00a0senkung, Operationsfolgen wie Narben und Verwachsungen<\/span><\/p>\n<p style=\"font-size: 13px; text-align: left;\"><span style=\"color: #fff0f5; font-size: 13px; font-weight: bold; background-color: #660000;\">\u2022\u00a0<\/span><span style=\"color: #ffffff;\"><strong>im Hals-Nasen-Ohren-Bereich:<\/strong>\u00a0Kopfschmerzen, Migr\u00e4ne, Nasenneben-<\/span><\/p>\n<p style=\"font-size: 13px; text-align: left;\"><span style=\"color: #ffffff;\">\u00a0h\u00f6hlenentz\u00fcndung, chron.Mittelohrentz\u00fcndung, Mandelentz\u00fcndung, Schwindel,<\/span><\/p>\n<p style=\"font-size: 13px; text-align: left;\"><span style=\"color: #ffffff;\">\u00a0Tinnitus, Kiefergelenksproblematik, &#8230;<\/span><\/p>\n<p style=\"font-size: 13px; text-align: left;\"><span style=\"color: #fff0f5; font-size: 13px; font-weight: bold; background-color: #660000;\">\u2022\u00a0<\/span><span style=\"color: #ffffff;\"><strong>im urogenitalen Bereich:\u00a0<\/strong>Menstruationsbeschwerden, Schwangerschaft,<\/span><\/p>\n<p style=\"font-size: 13px; text-align: left;\"><span style=\"color: #ffffff;\">\u00a0Geburtsvorbereitung und -nachsorge, klimakterische Beschwerden, unerf\u00fcllter<\/span><\/p>\n<p style=\"font-size: 13px; text-align: left;\"><span style=\"color: #ffffff;\">\u00a0Kinderwunsch,&#8230;<\/span><\/p>\n<p style=\"font-size: 13px; text-align: left;\"><span style=\"color: #fff0f5; font-size: 13px; font-weight: bold; background-color: #660000;\">\u2022\u00a0<\/span><span style=\"color: #ffffff;\"><strong>in der Kinderheilkunde:<\/strong>\u00a0geburtsbedingte Sch\u00e4del- und Gesichtsverformungen,<\/span><\/p>\n<p style=\"font-size: 13px; text-align: left;\"><span style=\"color: #ffffff;\">\u00a0Schiefhals, Kiss-Syndrom, Skoliose, H\u00fcftdysplasie, Spuckkind, Entwicklungs-<\/span><\/p>\n<p style=\"font-size: 13px; text-align: left;\"><span style=\"color: #ffffff;\">\u00a0verz\u00f6gerungen, Lern- und Konzentrationsst\u00f6rungen, Aufmerksamkeitsdefizite<\/span><\/p>\n<p style=\"font-size: 13px; text-align: left;\"><span style=\"color: #ffffff;\">(ADS),\u00a0<\/span><span style=\"color: #ffffff; font-size: 13px; font-weight: bold; background-color: #660000;\">Behinderungen,&#8230;<\/span><\/p>\n<p style=\"font-size: 13px; text-align: left;\"><span style=\"font-size: 13px; font-weight: bold; color: #fff0f5; background-color: #660000;\">\u2022\u00a0<\/span><span style=\"font-size: 13px; font-weight: bold; background-color: #660000; color: #ffffff;\"><strong>bei Hauterkrankungen:<\/strong>\u00a0Neurodermitis, G\u00fcrtelrose,&#8230;<\/span><span style=\"color: #ffffff;\">\u00a0<\/span><\/p>\n<\/th>\n<\/tr>\n<\/tbody>\n<\/table>\n<p><span style=\"color: #696969;\"><span style=\"font-size: 12px;\"><span style=\"font-family: verdana,geneva,sans-serif;\"><strong>Wie ist der Ablauf der Behandlung?<\/strong><\/span><\/span><\/span><\/p>\n<p><span style=\"color: #696969;\"><span style=\"font-size: 12px;\"><span style=\"font-family: verdana,geneva,sans-serif;\">Nach ausf\u00fchrlicher Anamnese erfolgen Diagnose und Therapie ausschlie\u00dflich mit<br \/>\n<span style=\"line-height: 1.6em;\">den H\u00e4nden. Bewegungseinschr\u00e4nkungen und Spannungen werden aufgesp\u00fcrt und<\/span><br \/>\n<span style=\"line-height: 1.6em;\">mit speziell f\u00fcr die Osteopathie entwickelten Techniken behandelt.<\/span><\/span><\/span><\/span><\/p>\n<p><span style=\"color: #696969;\"><span style=\"font-size: 12px;\"><span style=\"font-family: verdana,geneva,sans-serif;\"><span style=\"line-height: 1.6em;\">Eine osteopathische Behandlung dauert durchschnittlich 50 Minuten. Der K\u00f6rper kann<\/span><br \/>\n<span style=\"line-height: 1.6em;\">etwa zwei bis drei Wochen lang auf die Behandlung reagieren. Jede neue Therapiesitzung<\/span><br \/>\n<span style=\"line-height: 1.6em;\">wird individuell auf die Symptome des Patienten abgestimmt.<\/span><br \/>\n<span style=\"line-height: 1.6em;\">Nach viermaliger Behandlung wird \u00fcblicherweise eine Verbesserung der Beschwerden<\/span><br \/>\n<span style=\"line-height: 1.6em;\">zu verzeichnen sein. Der genaue Verlauf ist jedoch von dem Einzelfall abh\u00e4ngig.<\/span><\/span><\/span><\/span><\/p>\n<p><span style=\"color: #696969;\"><span style=\"font-size: 12px;\"><span style=\"font-family: verdana,geneva,sans-serif;\">Quelle: Verband der Osteopathen Deutschland e.V.<\/span><\/span><\/span><\/p>\n<p><a href=\"http:\/\/therapiezentrum.fotosdieverzaubern.de\/wp-content\/uploads\/2014\/01\/Osteopathie_6A.jpg\"><img decoding=\"async\" loading=\"lazy\" class=\"alignnone size-full wp-image-292\" src=\"http:\/\/therapiezentrum.fotosdieverzaubern.de\/wp-content\/uploads\/2014\/01\/Osteopathie_6A.jpg\" alt=\"Osteopathie_6A\" width=\"550\" height=\"172\" srcset=\"https:\/\/therapiezentrum-oberland.de\/wp-content\/uploads\/2014\/01\/Osteopathie_6A.jpg 550w, https:\/\/therapiezentrum-oberland.de\/wp-content\/uploads\/2014\/01\/Osteopathie_6A-300x93.jpg 300w\" sizes=\"(max-width: 550px) 100vw, 550px\" \/><\/a><\/p>\n","protected":false},"excerpt":{"rendered":"<p>Wir freuen uns seit 01.06.2023 mit Frau Anke Wernicke \u00fcber Teamverst\u00e4rkung im Bereich der Osteopathie. Was ist Osteopathie? Die Osteopathie ist eine eigenst\u00e4ndige Form der Medizin. Sie behandelt nicht nur einzelne Symptome, sondern versucht die Ursachen von Beschwerden aufzusp\u00fcren und zu behandeln. Der Osteopath benutzt<\/p>\n","protected":false},"author":1,"featured_media":0,"parent":0,"menu_order":6,"comment_status":"closed","ping_status":"closed","template":"","meta":[],"_links":{"self":[{"href":"https:\/\/therapiezentrum-oberland.de\/index.php?rest_route=\/wp\/v2\/pages\/19"}],"collection":[{"href":"https:\/\/therapiezentrum-oberland.de\/index.php?rest_route=\/wp\/v2\/pages"}],"about":[{"href":"https:\/\/therapiezentrum-oberland.de\/index.php?rest_route=\/wp\/v2\/types\/page"}],"author":[{"embeddable":true,"href":"https:\/\/therapiezentrum-oberland.de\/index.php?rest_route=\/wp\/v2\/users\/1"}],"replies":[{"embeddable":true,"href":"https:\/\/therapiezentrum-oberland.de\/index.php?rest_route=%2Fwp%2Fv2%2Fcomments&post=19"}],"version-history":[{"count":24,"href":"https:\/\/therapiezentrum-oberland.de\/index.php?rest_route=\/wp\/v2\/pages\/19\/revisions"}],"predecessor-version":[{"id":1083,"href":"https:\/\/therapiezentrum-oberland.de\/index.php?rest_route=\/wp\/v2\/pages\/19\/revisions\/1083"}],"wp:attachment":[{"href":"https:\/\/therapiezentrum-oberland.de\/index.php?rest_route=%2Fwp%2Fv2%2Fmedia&parent=19"}],"curies":[{"name":"wp","href":"https:\/\/api.w.org\/{rel}","templated":true}]}}